{"id":127,"date":"2022-02-08T13:55:45","date_gmt":"2022-02-08T13:55:45","guid":{"rendered":"https:\/\/sistersviaggi.it\/?page_id=127"},"modified":"2022-02-09T16:49:23","modified_gmt":"2022-02-09T16:49:23","slug":"cookie-policy","status":"publish","type":"page","link":"https:\/\/sistersviaggi.it\/index.php\/cookie-policy\/","title":{"rendered":"Cookie Policy"},"content":{"rendered":"\n<p>Al fine di rendere i propri servizi il pi\u00f9 possibile efficienti e semplici da utilizzare il sito sistersviaggi.it fa uso di cookies. Pertanto, quando si visita il sito, viene inserita una quantit\u00e0 minima di informazioni nel dispositivo dell&#8217;Utente, come piccoli file di testo chiamati &#8220;cookie&#8221;, che vengono salvati nella directory del browser Web dell&#8217;Utente.<br>Esistono diversi tipi di cookie, ma sostanzialmente lo scopo principale di un cookie \u00e8 quello di far funzionare pi\u00f9 efficacemente il Sito e di abilitarne determinate funzionalit\u00e0.<br>I cookie sono utilizzati per migliorare la navigazione globale dell&#8217;Utente. In particolare:<\/p>\n\n\n\n<ul class=\"wp-block-list\"><li>Consentono di navigare in modo efficiente da una pagina all&#8217;altra del sito Web.<\/li><li>Memorizzano il nome utente e le preferenze inserite.<\/li><li>Consentono di evitare di inserire le stesse informazioni (come nome utente e password) pi\u00f9 volte durante la visita.<\/li><li>Misurano l&#8217;utilizzo dei servizi da parte degli Utenti, per ottimizzare l&#8217;esperienza di navigazione e i servizi stessi.<\/li><li>Presentano informazioni pubblicitarie mirate in funzione degli interessi e del comportamento manifestato dall&#8217;Utente durante la navigazione.<\/li><\/ul>\n\n\n\n<p>Esistono vari tipi di cookie. Qui di seguito sono riportati&nbsp; i tipi cookie che possono essere utilizzati nel Sito con una descrizione della finalit\u00e0 legata all&#8217;uso.&nbsp;<\/p>\n\n\n\n<h2 class=\"wp-block-heading\" id=\"cookie-tecnici\">Cookie tecnici<\/h2>\n\n\n\n<p>I cookie di questo tipo sono necessari per il corretto funzionamento di alcune aree del sito.&nbsp; I cookie di questa categoria comprendono sia cookie persistenti che cookie di sessione. In assenza di tali cookie, il sito o alcune porzioni di esso potrebbero non funzionare correttamente. Pertanto, vengono sempre utilizzati, indipendentemente dalle preferenze dall&#8217;utente. I cookie di questa categoria vengono sempre inviati dal nostro dominio.&nbsp;<\/p>\n\n\n\n<h2 class=\"wp-block-heading\" id=\"cookie-analitici\">Cookie analitici<\/h2>\n\n\n\n<p>I cookie di questo tipo vengono utilizzati per raccogliere informazioni sull&#8217;utilizzo del sito. Il Titolare usa tali informazioni per analisi statistiche, per migliorare il sito e semplificarne l&#8217;utilizzo, oltre che per monitorarne il corretto funzionamento. Questo tipo di cookie raccoglie informazioni in forma anonima sull&#8217;attivit\u00e0 degli utenti nel sito e sul modo in cui sono arrivati al Sito e alle pagine visitate. I cookie di questa categoria vengono inviati dal Sito stesso o da domini di terze parti.&nbsp;<\/p>\n\n\n\n<h2 class=\"wp-block-heading\" id=\"cookie-di-rilevamento-di-terze-parti\">Cookie di rilevamento di terze parti<\/h2>\n\n\n\n<p>I cookie di questo tipo vengono utilizzati per raccogliere informazioni sull&#8217;utilizzo del sito Web da parte dei visitatori, le parole chiave usate per raggiungere il sito, i siti Web visitati e le origini del traffico da cui provengono i visitatori per le campagne di marketing. Il titolare pu\u00f2 utilizzare tali informazioni per compilare rapporti e migliorare il Sito. I cookie raccolgono informazioni in forma anonima. I cookie di questo tipo vengono inviati dal Sito stesso o da domini di terze parti.&nbsp;Cookie per l&#8217;integrazione di funzionalit\u00e0 di terze partiI cookie di questo tipo vengono utilizzati per integrare funzionalit\u00e0 di terze parti nel Sito (ad esempio, moduli per i commenti o icone di social network che consentono ai visitatori di condividere il contenuto del sito). I cookie di questa categoria possono essere inviati dai domini dei siti partner o che comunque offrono le funzionalit\u00e0 presenti nel sito.<\/p>\n\n\n\n<p>Il Titolare non \u00e8 tenuto a richiedere il consenso dell&#8217;utente per i cookie tecnici, poich\u00e9 questi sono strettamente necessari per la fornitura del servizio.Per le altre tipologie di cookie il consenso pu\u00f2 essere espresso dall&#8217;Utente, conformemente alla normativa vigente, mediante specifiche configurazioni del browser e di programmi informatici o di dispositivi che siano di facile e chiara utilizzabilit\u00e0 per l&#8217;Utente. Il Titolare ricorda all&#8217;Utente che \u00e8 possibile modificare le preferenze relative ai cookie in qualsiasi momento. \u00c8 anche possibile disabilitare in qualsiasi momento i cookie dal browser , ma questa operazione potrebbe impedire all&#8217;Utente di utilizzare alcune parti del Sito.&nbsp;<\/p>\n\n\n\n<h2 class=\"wp-block-heading\" id=\"siti-web-di-terze-parti\">Siti Web di terze parti<\/h2>\n\n\n\n<p>Il sito sistersviaggi.it contiene collegamenti ad altri siti Web che dispongono di una propria informativa sulla privacy. Queste informative sulla privacy possono essere diverse da quella adottata dal Titolare, che quindi non risponde per Siti di terze parti.<br>Ai sensi dell&#8217;art. 122 secondo comma del D.lgs. 196\/2003 il consenso all&#8217;utilizzo di tali cookie \u00e8 espresso dall&#8217;interessato mediante il settaggio individuale che ha scelto liberamente per il browser utilizzato per la navigazione nel sito, ferma restando la facolt\u00e0 dell&#8217;utente di comunicare in ogni momento al Titolare del trattamento la propria volont\u00e0 in merito ad dati gestiti per il tramite dei cookie che il browser stesso abbia accettato.<\/p>\n","protected":false},"excerpt":{"rendered":"<p>Al fine di rendere i propri servizi il pi\u00f9 possibile efficienti e semplici da utilizzare il sito sistersviaggi.it fa uso di cookies. Pertanto, quando si visita il sito, viene inserita una quantit\u00e0 minima di informazioni nel dispositivo dell&#8217;Utente, come piccoli file di testo chiamati &#8220;cookie&#8221;, che vengono salvati nella directory del browser Web dell&#8217;Utente.Esistono diversi &hellip; <\/p>\n<p class=\"link-more\"><a href=\"https:\/\/sistersviaggi.it\/index.php\/cookie-policy\/\" class=\"more-link\">Leggi tutto<span class=\"screen-reader-text\"> &#8220;Cookie Policy&#8221;<\/span><\/a><\/p>\n","protected":false},"author":1,"featured_media":0,"parent":0,"menu_order":0,"comment_status":"closed","ping_status":"closed","template":"","meta":{"footnotes":""},"class_list":["post-127","page","type-page","status-publish","hentry"],"_links":{"self":[{"href":"https:\/\/sistersviaggi.it\/index.php\/wp-json\/wp\/v2\/pages\/127","targetHints":{"allow":["GET"]}}],"collection":[{"href":"https:\/\/sistersviaggi.it\/index.php\/wp-json\/wp\/v2\/pages"}],"about":[{"href":"https:\/\/sistersviaggi.it\/index.php\/wp-json\/wp\/v2\/types\/page"}],"author":[{"embeddable":true,"href":"https:\/\/sistersviaggi.it\/index.php\/wp-json\/wp\/v2\/users\/1"}],"replies":[{"embeddable":true,"href":"https:\/\/sistersviaggi.it\/index.php\/wp-json\/wp\/v2\/comments?post=127"}],"version-history":[{"count":3,"href":"https:\/\/sistersviaggi.it\/index.php\/wp-json\/wp\/v2\/pages\/127\/revisions"}],"predecessor-version":[{"id":269,"href":"https:\/\/sistersviaggi.it\/index.php\/wp-json\/wp\/v2\/pages\/127\/revisions\/269"}],"wp:attachment":[{"href":"https:\/\/sistersviaggi.it\/index.php\/wp-json\/wp\/v2\/media?parent=127"}],"curies":[{"name":"wp","href":"https:\/\/api.w.org\/{rel}","templated":true}]}}